{"id":7,"date":"2023-06-29T22:53:31","date_gmt":"2023-06-29T20:53:31","guid":{"rendered":"http:\/\/sw4y.cz.ivory.globenet.cz\/?page_id=7"},"modified":"2023-11-19T18:41:31","modified_gmt":"2023-11-19T17:41:31","slug":"o-nas","status":"publish","type":"page","link":"https:\/\/sw4y.cz\/","title":{"rendered":"O n\u00e1s"},"content":{"rendered":"\n<p>Spole\u010dnost SW4Y s.r.o., vyv\u00edj\u00ed a provozuje webov\u00e9 aplikace zam\u011b\u0159en\u00e9 na sd\u00edlen\u00ed obchodn\u00ed p\u0159\u00edle\u017eitost\u00ed a obchodn\u00edch informac\u00ed.<\/p>\n\n\n\n<p>Na\u0161\u00edm c\u00edlem vytvo\u0159it a provozovat port\u00e1lov\u00e9 \u0159e\u0161en\u00ed, kter\u00e9 bude poskytovat u\u017eivatel\u016f z \u0159ad jednotlivc\u016f a firem efektivn\u00ed propojen\u00ed tr\u017en\u00edch p\u0159\u00edle\u017eitost\u00ed a zprost\u0159edkov\u00e1n\u00ed obchodu.<\/p>\n\n\n\n<p>Vytv\u00e1\u0159\u00edme webov\u00e9 str\u00e1nky na platform\u011b WordPress. Zva\u017eujete webov\u00e9 str\u00e1nky pro Va\u0161i firmu nebo pro osobn\u00ed prezentaci? Pod\u00edvejte se na na\u0161i <a href=\"http:\/\/sw4y.cz.ivory.globenet.cz\/index.php\/webove-prezentace\/\" data-type=\"URL\" data-id=\"http:\/\/sw4y.cz.ivory.globenet.cz\/index.php\/webove-prezentace\/\">nab\u00eddku<\/a>.<\/p>\n","protected":false},"excerpt":{"rendered":"<p>Spole\u010dnost SW4Y s.r.o., vyv\u00edj\u00ed a provozuje webov\u00e9 aplikace zam\u011b\u0159en\u00e9 na sd\u00edlen\u00ed obchodn\u00ed p\u0159\u00edle\u017eitost\u00ed a obchodn\u00edch informac\u00ed. Na\u0161\u00edm c\u00edlem vytvo\u0159it a provozovat port\u00e1lov\u00e9 \u0159e\u0161en\u00ed, kter\u00e9 bude poskytovat u\u017eivatel\u016f z \u0159ad jednotlivc\u016f a firem efektivn\u00ed propojen\u00ed tr\u017en\u00edch p\u0159\u00edle\u017eitost\u00ed a zprost\u0159edkov\u00e1n\u00ed obchodu. Vytv\u00e1\u0159\u00edme webov\u00e9 str\u00e1nky na platform\u011b WordPress. Zva\u017eujete webov\u00e9 str\u00e1nky pro Va\u0161i firmu nebo pro osobn\u00ed prezentaci? Pod\u00edvejte se na na\u0161i nab\u00eddku.<\/p>\n","protected":false},"author":1,"featured_media":0,"parent":0,"menu_order":0,"comment_status":"closed","ping_status":"closed","template":"","meta":{"footnotes":""},"class_list":["post-7","page","type-page","status-publish","hentry"],"yoast_head":"<!-- This site is optimized with the Yoast SEO plugin v21.5 - https:\/\/yoast.com\/wordpress\/plugins\/seo\/ -->\r\n<title>O n\u00e1s - SW4Y s.r.o.<\/title>\r\n<meta name=\"robots\" content=\"index, follow, max-snippet:-1, max-image-preview:large, max-video-preview:-1\" \/>\r\n<link rel=\"canonical\" href=\"https:\/\/sw4y.cz\/\" \/>\r\n<meta property=\"og:locale\" content=\"cs_CZ\" \/>\r\n<meta property=\"og:type\" content=\"article\" \/>\r\n<meta property=\"og:title\" content=\"O n\u00e1s - SW4Y s.r.o.\" \/>\r\n<meta property=\"og:description\" content=\"Spole\u010dnost SW4Y s.r.o., vyv\u00edj\u00ed a provozuje webov\u00e9 aplikace zam\u011b\u0159en\u00e9 na sd\u00edlen\u00ed obchodn\u00ed p\u0159\u00edle\u017eitost\u00ed a obchodn\u00edch informac\u00ed. Na\u0161\u00edm c\u00edlem vytvo\u0159it a provozovat port\u00e1lov\u00e9 \u0159e\u0161en\u00ed, kter\u00e9 bude poskytovat u\u017eivatel\u016f z \u0159ad jednotlivc\u016f a firem efektivn\u00ed propojen\u00ed tr\u017en\u00edch p\u0159\u00edle\u017eitost\u00ed a zprost\u0159edkov\u00e1n\u00ed obchodu. Vytv\u00e1\u0159\u00edme webov\u00e9 str\u00e1nky na platform\u011b WordPress. Zva\u017eujete webov\u00e9 str\u00e1nky pro Va\u0161i firmu nebo pro osobn\u00ed prezentaci? Pod\u00edvejte se na na\u0161i nab\u00eddku.\" \/>\r\n<meta property=\"og:url\" content=\"https:\/\/sw4y.cz\/\" \/>\r\n<meta property=\"og:site_name\" content=\"SW4Y s.r.o.\" \/>\r\n<meta property=\"article:modified_time\" content=\"2023-11-19T17:41:31+00:00\" \/>\r\n<meta name=\"twitter:card\" content=\"summary_large_image\" \/>\r\n<meta name=\"twitter:label1\" content=\"Odhadovan\u00e1 doba \u010dten\u00ed\" \/>\n\t<meta name=\"twitter:data1\" content=\"1 minuta\" \/>\r\n<script type=\"application\/ld+json\" class=\"yoast-schema-graph\">{\"@context\":\"https:\/\/schema.org\",\"@graph\":[{\"@type\":\"WebPage\",\"@id\":\"https:\/\/sw4y.cz\/\",\"url\":\"https:\/\/sw4y.cz\/\",\"name\":\"O n\u00e1s - SW4Y s.r.o.\",\"isPartOf\":{\"@id\":\"https:\/\/sw4y.cz\/#website\"},\"datePublished\":\"2023-06-29T20:53:31+00:00\",\"dateModified\":\"2023-11-19T17:41:31+00:00\",\"breadcrumb\":{\"@id\":\"https:\/\/sw4y.cz\/#breadcrumb\"},\"inLanguage\":\"cs\",\"potentialAction\":[{\"@type\":\"ReadAction\",\"target\":[\"https:\/\/sw4y.cz\/\"]}]},{\"@type\":\"BreadcrumbList\",\"@id\":\"https:\/\/sw4y.cz\/#breadcrumb\",\"itemListElement\":[{\"@type\":\"ListItem\",\"position\":1,\"name\":\"Dom\u016f\",\"item\":\"https:\/\/sw4y.cz\/\"},{\"@type\":\"ListItem\",\"position\":2,\"name\":\"O n\u00e1s\"}]},{\"@type\":\"WebSite\",\"@id\":\"https:\/\/sw4y.cz\/#website\",\"url\":\"https:\/\/sw4y.cz\/\",\"name\":\"SW4Y s.r.o.\",\"description\":\"vytv\u00e1\u0159\u00edme Software pro v\u00e1s\",\"potentialAction\":[{\"@type\":\"SearchAction\",\"target\":{\"@type\":\"EntryPoint\",\"urlTemplate\":\"https:\/\/sw4y.cz\/?s={search_term_string}\"},\"query-input\":\"required name=search_term_string\"}],\"inLanguage\":\"cs\"}]}<\/script>\r\n<!-- \/ Yoast SEO plugin. -->","yoast_head_json":{"title":"O n\u00e1s - SW4Y s.r.o.","robots":{"index":"index","follow":"follow","max-snippet":"max-snippet:-1","max-image-preview":"max-image-preview:large","max-video-preview":"max-video-preview:-1"},"canonical":"https:\/\/sw4y.cz\/","og_locale":"cs_CZ","og_type":"article","og_title":"O n\u00e1s - SW4Y s.r.o.","og_description":"Spole\u010dnost SW4Y s.r.o., vyv\u00edj\u00ed a provozuje webov\u00e9 aplikace zam\u011b\u0159en\u00e9 na sd\u00edlen\u00ed obchodn\u00ed p\u0159\u00edle\u017eitost\u00ed a obchodn\u00edch informac\u00ed. Na\u0161\u00edm c\u00edlem vytvo\u0159it a provozovat port\u00e1lov\u00e9 \u0159e\u0161en\u00ed, kter\u00e9 bude poskytovat u\u017eivatel\u016f z \u0159ad jednotlivc\u016f a firem efektivn\u00ed propojen\u00ed tr\u017en\u00edch p\u0159\u00edle\u017eitost\u00ed a zprost\u0159edkov\u00e1n\u00ed obchodu. Vytv\u00e1\u0159\u00edme webov\u00e9 str\u00e1nky na platform\u011b WordPress. Zva\u017eujete webov\u00e9 str\u00e1nky pro Va\u0161i firmu nebo pro osobn\u00ed prezentaci? Pod\u00edvejte se na na\u0161i nab\u00eddku.","og_url":"https:\/\/sw4y.cz\/","og_site_name":"SW4Y s.r.o.","article_modified_time":"2023-11-19T17:41:31+00:00","twitter_card":"summary_large_image","twitter_misc":{"Odhadovan\u00e1 doba \u010dten\u00ed":"1 minuta"},"schema":{"@context":"https:\/\/schema.org","@graph":[{"@type":"WebPage","@id":"https:\/\/sw4y.cz\/","url":"https:\/\/sw4y.cz\/","name":"O n\u00e1s - SW4Y s.r.o.","isPartOf":{"@id":"https:\/\/sw4y.cz\/#website"},"datePublished":"2023-06-29T20:53:31+00:00","dateModified":"2023-11-19T17:41:31+00:00","breadcrumb":{"@id":"https:\/\/sw4y.cz\/#breadcrumb"},"inLanguage":"cs","potentialAction":[{"@type":"ReadAction","target":["https:\/\/sw4y.cz\/"]}]},{"@type":"BreadcrumbList","@id":"https:\/\/sw4y.cz\/#breadcrumb","itemListElement":[{"@type":"ListItem","position":1,"name":"Dom\u016f","item":"https:\/\/sw4y.cz\/"},{"@type":"ListItem","position":2,"name":"O n\u00e1s"}]},{"@type":"WebSite","@id":"https:\/\/sw4y.cz\/#website","url":"https:\/\/sw4y.cz\/","name":"SW4Y s.r.o.","description":"vytv\u00e1\u0159\u00edme Software pro v\u00e1s","potentialAction":[{"@type":"SearchAction","target":{"@type":"EntryPoint","urlTemplate":"https:\/\/sw4y.cz\/?s={search_term_string}"},"query-input":"required name=search_term_string"}],"inLanguage":"cs"}]}},"_links":{"self":[{"href":"https:\/\/sw4y.cz\/index.php\/wp-json\/wp\/v2\/pages\/7","targetHints":{"allow":["GET"]}}],"collection":[{"href":"https:\/\/sw4y.cz\/index.php\/wp-json\/wp\/v2\/pages"}],"about":[{"href":"https:\/\/sw4y.cz\/index.php\/wp-json\/wp\/v2\/types\/page"}],"author":[{"embeddable":true,"href":"https:\/\/sw4y.cz\/index.php\/wp-json\/wp\/v2\/users\/1"}],"replies":[{"embeddable":true,"href":"https:\/\/sw4y.cz\/index.php\/wp-json\/wp\/v2\/comments?post=7"}],"version-history":[{"count":5,"href":"https:\/\/sw4y.cz\/index.php\/wp-json\/wp\/v2\/pages\/7\/revisions"}],"predecessor-version":[{"id":62,"href":"https:\/\/sw4y.cz\/index.php\/wp-json\/wp\/v2\/pages\/7\/revisions\/62"}],"wp:attachment":[{"href":"https:\/\/sw4y.cz\/index.php\/wp-json\/wp\/v2\/media?parent=7"}],"curies":[{"name":"wp","href":"https:\/\/api.w.org\/{rel}","templated":true}]}}